{"id":2287,"date":"2023-04-19T14:32:32","date_gmt":"2023-04-19T14:32:32","guid":{"rendered":"https:\/\/innovis2.rvltpreview.com\/nakupni-centra\/"},"modified":"2023-07-17T06:11:13","modified_gmt":"2023-07-17T06:11:13","slug":"shopping-centers","status":"publish","type":"page","link":"https:\/\/innovis4.rvltpreview.com\/en\/shopping-centers\/","title":{"rendered":"Shopping centers"},"content":{"rendered":"\n<div class=\"hero\"><div class=\"hero__main\"><div class=\"hero__article\"><h1>Shopping centers<\/h1><p>Ensure the smooth and safe operation of your shopping center, optimize operational costs and gain unique insight into your business by collecting and evaluating comprehensive data.<\/p><\/div><\/div><div class=\"hero__fig color-2\"><img loading=\"lazy\" decoding=\"async\" src=\"https:\/\/innovis4.rvltpreview.com\/wp-content\/uploads\/2023\/07\/nakupni-centra.jpg\" alt=\"\" width=\"1920\" height=\"898\"\/><\/div><\/div>\n\n\n\n<div class=\"section\">\n<div class=\"boxes\"><div class=\"boxes__item\"><div class=\"boxes__box boxes__box1\"><p class=\"xl\">27 km\u00b2<\/p><p class=\"sm__sub\">of commercial area covered by our technology<\/p><\/div><\/div><div class=\"boxes__item\"><div class=\"boxes__box boxes__box2\"><p class=\"xl\">24\/7<\/p><p class=\"sm__sub\">remote monitoring<\/p><\/div><\/div><div class=\"boxes__item\"><div class=\"boxes__box boxes__box3\"><p class=\"xl\">30 +<\/p><p class=\"sm__sub\">years of experience in the market<\/p><\/div><\/div><\/div>\n\n\n\n<div class=\"heading\"><h2>Solutions <br><span class=\"thin\">you can <span class=\"underline\">rely on<\/span><\/span><\/h2><\/div>\n\n\n<div class=\"list js-more\"><div class=\"list__grid\" id=\"product-grid\"><div class=\"list__item\"><div class=\"post post--dark\"><div class=\"post__image\"><img decoding=\"async\" src=\"https:\/\/innovis4.rvltpreview.com\/wp-content\/uploads\/2023\/04\/centralni-rizeni-bms-nahled.jpg\" alt=\"Central BMS control \u2013 Shopping centers\" width=\"430\" height=\"320\" loading=\"lazy\" class=\"attachment-sluzby-grid size-sluzby-grid wp-post-image\" \/><\/div><div class=\"post__main\"><div class=\"post__content\"><div class=\"post__tags\"><div class=\"tag\">Shopping centers<\/div><\/div><h2>Central BMS control \u2013 Shopping centers<\/h2><p>Entrust the building management of your shopping center to a team of experts and save on operations. Central BMS (building management system &#8211; MAR) control uses remote control and monitoring of technologies from one central location by our team of professionals.<\/p><\/div><div class=\"post__footer\"><div class=\"post__more\"><a href=\"https:\/\/innovis4.rvltpreview.com\/en\/service\/central-bms-control-shopping-centers\/\" class=\"post__link\"><svg xmlns=\"http:\/\/www.w3.org\/2000\/svg\" width=\"14\" height=\"24\" viewBox=\"0 0 14 24\"><path d=\"M0.710203334,0.469210767 C0.950675478,0.228771278 1.34053138,0.22879775 1.58097087,0.469269894 L12.9149405,11.8047788 C13.1553684,12.0452394 13.1553552,12.4350725 12.9149109,12.6755168 L2.05966799,23.5307597 C1.81921217,23.7712155 1.42935627,23.7712155 1.18890045,23.5307597 C0.948444632,23.2903039 0.948444632,22.9004479 1.18890045,22.6599921 L11.6087371,12.2399791 L0.710144207,1.33997831 C0.477719368,1.1075219 0.46999661,0.735474667 0.686957606,0.493741704 L0.710203334,0.469210767 Z\"><\/path><\/svg><\/a><\/div><\/div><\/div><\/div><\/div><div class=\"list__item\"><div class=\"post post--dark\"><div class=\"post__image\"><img decoding=\"async\" src=\"https:\/\/innovis4.rvltpreview.com\/wp-content\/uploads\/2023\/04\/digitalizace-auditnich-cinnosti-nahled.jpg\" alt=\"Digitization of audit activity \u2013 Shopping centers\" width=\"430\" height=\"320\" loading=\"lazy\" class=\"attachment-sluzby-grid size-sluzby-grid wp-post-image\" \/><\/div><div class=\"post__main\"><div class=\"post__content\"><div class=\"post__tags\"><div class=\"tag\">Shopping centers<\/div><\/div><h2>Digitization of audit activity \u2013 Shopping centers<\/h2><p>Simplify your compliance with automated oversight of standards, audits and unification of standards across your entire operation or across your entire network of sites.<\/p><\/div><div class=\"post__footer\"><div class=\"post__more\"><a href=\"https:\/\/innovis4.rvltpreview.com\/en\/service\/digitization-of-audit-activity-shopping-centers\/\" class=\"post__link\"><svg xmlns=\"http:\/\/www.w3.org\/2000\/svg\" width=\"14\" height=\"24\" viewBox=\"0 0 14 24\"><path d=\"M0.710203334,0.469210767 C0.950675478,0.228771278 1.34053138,0.22879775 1.58097087,0.469269894 L12.9149405,11.8047788 C13.1553684,12.0452394 13.1553552,12.4350725 12.9149109,12.6755168 L2.05966799,23.5307597 C1.81921217,23.7712155 1.42935627,23.7712155 1.18890045,23.5307597 C0.948444632,23.2903039 0.948444632,22.9004479 1.18890045,22.6599921 L11.6087371,12.2399791 L0.710144207,1.33997831 C0.477719368,1.1075219 0.46999661,0.735474667 0.686957606,0.493741704 L0.710203334,0.469210767 Z\"><\/path><\/svg><\/a><\/div><\/div><\/div><\/div><\/div><div class=\"list__item\"><div class=\"post post--dark\"><div class=\"post__image\"><img decoding=\"async\" src=\"https:\/\/innovis4.rvltpreview.com\/wp-content\/uploads\/2023\/04\/navigace-a-reklamni-plochy-nahled-1.jpg\" alt=\"Navigation and advertising areas \u2013 Shopping centers\" width=\"430\" height=\"320\" loading=\"lazy\" class=\"attachment-sluzby-grid size-sluzby-grid wp-post-image\" \/><\/div><div class=\"post__main\"><div class=\"post__content\"><div class=\"post__tags\"><div class=\"tag\">Shopping centers<\/div><\/div><h2>Navigation and advertising areas \u2013 Shopping centers<\/h2><p>We can help you create new advertising and communication areas and make it easier for customers to find their way around your shopping center.<\/p><\/div><div class=\"post__footer\"><div class=\"post__more\"><a href=\"https:\/\/innovis4.rvltpreview.com\/en\/service\/navigation-and-advertising-areas-shopping-centers\/\" class=\"post__link\"><svg xmlns=\"http:\/\/www.w3.org\/2000\/svg\" width=\"14\" height=\"24\" viewBox=\"0 0 14 24\"><path d=\"M0.710203334,0.469210767 C0.950675478,0.228771278 1.34053138,0.22879775 1.58097087,0.469269894 L12.9149405,11.8047788 C13.1553684,12.0452394 13.1553552,12.4350725 12.9149109,12.6755168 L2.05966799,23.5307597 C1.81921217,23.7712155 1.42935627,23.7712155 1.18890045,23.5307597 C0.948444632,23.2903039 0.948444632,22.9004479 1.18890045,22.6599921 L11.6087371,12.2399791 L0.710144207,1.33997831 C0.477719368,1.1075219 0.46999661,0.735474667 0.686957606,0.493741704 L0.710203334,0.469210767 Z\"><\/path><\/svg><\/a><\/div><\/div><\/div><\/div><\/div><div class=\"list__item js-more-item is-hidden\"><div class=\"post post--dark\"><div class=\"post__image\"><img decoding=\"async\" src=\"https:\/\/innovis4.rvltpreview.com\/wp-content\/uploads\/2023\/04\/provoz-parkoviste-nahled.jpg\" alt=\"Car park operation\" width=\"430\" height=\"320\" loading=\"lazy\" class=\"attachment-sluzby-grid size-sluzby-grid wp-post-image\" \/><\/div><div class=\"post__main\"><div class=\"post__content\"><div class=\"post__tags\"><div class=\"tag\">Shopping centers<\/div><\/div><h2>Car park operation<\/h2><p>Ensure smooth and transparent car park operations with real-time data analysis.<\/p><\/div><div class=\"post__footer\"><div class=\"post__more\"><a href=\"https:\/\/innovis4.rvltpreview.com\/en\/service\/car-park-operation\/\" class=\"post__link\"><svg xmlns=\"http:\/\/www.w3.org\/2000\/svg\" width=\"14\" height=\"24\" viewBox=\"0 0 14 24\"><path d=\"M0.710203334,0.469210767 C0.950675478,0.228771278 1.34053138,0.22879775 1.58097087,0.469269894 L12.9149405,11.8047788 C13.1553684,12.0452394 13.1553552,12.4350725 12.9149109,12.6755168 L2.05966799,23.5307597 C1.81921217,23.7712155 1.42935627,23.7712155 1.18890045,23.5307597 C0.948444632,23.2903039 0.948444632,22.9004479 1.18890045,22.6599921 L11.6087371,12.2399791 L0.710144207,1.33997831 C0.477719368,1.1075219 0.46999661,0.735474667 0.686957606,0.493741704 L0.710203334,0.469210767 Z\"><\/path><\/svg><\/a><\/div><\/div><\/div><\/div><\/div><div class=\"list__item js-more-item is-hidden\"><div class=\"post post--dark\"><div class=\"post__image\"><img decoding=\"async\" src=\"https:\/\/innovis4.rvltpreview.com\/wp-content\/uploads\/2023\/04\/efektivni-provoz-budovy-nahled.jpg\" alt=\"Efficient building operation\" width=\"430\" height=\"320\" loading=\"lazy\" class=\"attachment-sluzby-grid size-sluzby-grid wp-post-image\" \/><\/div><div class=\"post__main\"><div class=\"post__content\"><div class=\"post__tags\"><div class=\"tag\">Shopping centers<\/div><\/div><h2>Efficient building operation<\/h2><p>Optimize energy flow and consumption with Flowbox, an intelligent, autonomous software platform that helps you reduce operating costs and your carbon footprint.<\/p><\/div><div class=\"post__footer\"><div class=\"post__more\"><a href=\"https:\/\/innovis4.rvltpreview.com\/en\/service\/efficient-building-operation\/\" class=\"post__link\"><svg xmlns=\"http:\/\/www.w3.org\/2000\/svg\" width=\"14\" height=\"24\" viewBox=\"0 0 14 24\"><path d=\"M0.710203334,0.469210767 C0.950675478,0.228771278 1.34053138,0.22879775 1.58097087,0.469269894 L12.9149405,11.8047788 C13.1553684,12.0452394 13.1553552,12.4350725 12.9149109,12.6755168 L2.05966799,23.5307597 C1.81921217,23.7712155 1.42935627,23.7712155 1.18890045,23.5307597 C0.948444632,23.2903039 0.948444632,22.9004479 1.18890045,22.6599921 L11.6087371,12.2399791 L0.710144207,1.33997831 C0.477719368,1.1075219 0.46999661,0.735474667 0.686957606,0.493741704 L0.710203334,0.469210767 Z\"><\/path><\/svg><\/a><\/div><\/div><\/div><\/div><\/div><div class=\"list__item js-more-item is-hidden\"><div class=\"post post--dark\"><div class=\"post__image\"><img decoding=\"async\" src=\"https:\/\/innovis4.rvltpreview.com\/wp-content\/uploads\/2023\/04\/zabezpeceni-budovy-nahled.jpg\" alt=\"Building security\" width=\"430\" height=\"320\" loading=\"lazy\" class=\"attachment-sluzby-grid size-sluzby-grid wp-post-image\" \/><\/div><div class=\"post__main\"><div class=\"post__content\"><div class=\"post__tags\"><div class=\"tag\">Shopping centers<\/div><\/div><h2>Building security<\/h2><p>Solve the complete supply of security technologies (services, EPS, CCTV, ESS and ACS) with one reliable service.<\/p><\/div><div class=\"post__footer\"><div class=\"post__more\"><a href=\"https:\/\/innovis4.rvltpreview.com\/en\/service\/building-security\/\" class=\"post__link\"><svg xmlns=\"http:\/\/www.w3.org\/2000\/svg\" width=\"14\" height=\"24\" viewBox=\"0 0 14 24\"><path d=\"M0.710203334,0.469210767 C0.950675478,0.228771278 1.34053138,0.22879775 1.58097087,0.469269894 L12.9149405,11.8047788 C13.1553684,12.0452394 13.1553552,12.4350725 12.9149109,12.6755168 L2.05966799,23.5307597 C1.81921217,23.7712155 1.42935627,23.7712155 1.18890045,23.5307597 C0.948444632,23.2903039 0.948444632,22.9004479 1.18890045,22.6599921 L11.6087371,12.2399791 L0.710144207,1.33997831 C0.477719368,1.1075219 0.46999661,0.735474667 0.686957606,0.493741704 L0.710203334,0.469210767 Z\"><\/path><\/svg><\/a><\/div><\/div><\/div><\/div><\/div><div class=\"list__item js-more-item is-hidden\"><div class=\"post post--dark\"><div class=\"post__image\"><img decoding=\"async\" src=\"https:\/\/innovis4.rvltpreview.com\/wp-content\/uploads\/2023\/04\/monitoring-budovy-nahled.jpg\" alt=\"Building monitoring \u2013 Shopping centers\" width=\"430\" height=\"320\" loading=\"lazy\" class=\"attachment-sluzby-grid size-sluzby-grid wp-post-image\" \/><\/div><div class=\"post__main\"><div class=\"post__content\"><div class=\"post__tags\"><div class=\"tag\">Shopping centers<\/div><\/div><h2>Building monitoring \u2013 Shopping centers<\/h2><p>Protect your assets with cutting-edge technology. We can provide you with cost-effective, 24\/7 remote monitoring of your shopping center building.<\/p><\/div><div class=\"post__footer\"><div class=\"post__more\"><a href=\"https:\/\/innovis4.rvltpreview.com\/en\/service\/building-monitoring-shopping-centers\/\" class=\"post__link\"><svg xmlns=\"http:\/\/www.w3.org\/2000\/svg\" width=\"14\" height=\"24\" viewBox=\"0 0 14 24\"><path d=\"M0.710203334,0.469210767 C0.950675478,0.228771278 1.34053138,0.22879775 1.58097087,0.469269894 L12.9149405,11.8047788 C13.1553684,12.0452394 13.1553552,12.4350725 12.9149109,12.6755168 L2.05966799,23.5307597 C1.81921217,23.7712155 1.42935627,23.7712155 1.18890045,23.5307597 C0.948444632,23.2903039 0.948444632,22.9004479 1.18890045,22.6599921 L11.6087371,12.2399791 L0.710144207,1.33997831 C0.477719368,1.1075219 0.46999661,0.735474667 0.686957606,0.493741704 L0.710203334,0.469210767 Z\"><\/path><\/svg><\/a><\/div><\/div><\/div><\/div><\/div><div class=\"list__item js-more-item is-hidden\"><div class=\"post post--dark\"><div class=\"post__image\"><img decoding=\"async\" src=\"https:\/\/innovis4.rvltpreview.com\/wp-content\/uploads\/2023\/04\/marketingova-data-o-navstevnosti-nahled.jpg\" alt=\"Marketing traffic data \u2013 Shopping centers\" width=\"430\" height=\"320\" loading=\"lazy\" class=\"attachment-sluzby-grid size-sluzby-grid wp-post-image\" \/><\/div><div class=\"post__main\"><div class=\"post__content\"><div class=\"post__tags\"><div class=\"tag\">Shopping centers<\/div><\/div><h2>Marketing traffic data \u2013 Shopping centers<\/h2><p>Get clear, accurate and clearly compiled information about your shopping center visitors that will add great value to you and your tenants and provide you with solid arguments when negotiating rent levels.<\/p><\/div><div class=\"post__footer\"><div class=\"post__more\"><a href=\"https:\/\/innovis4.rvltpreview.com\/en\/service\/marketing-traffic-data-shopping-centers\/\" class=\"post__link\"><svg xmlns=\"http:\/\/www.w3.org\/2000\/svg\" width=\"14\" height=\"24\" viewBox=\"0 0 14 24\"><path d=\"M0.710203334,0.469210767 C0.950675478,0.228771278 1.34053138,0.22879775 1.58097087,0.469269894 L12.9149405,11.8047788 C13.1553684,12.0452394 13.1553552,12.4350725 12.9149109,12.6755168 L2.05966799,23.5307597 C1.81921217,23.7712155 1.42935627,23.7712155 1.18890045,23.5307597 C0.948444632,23.2903039 0.948444632,22.9004479 1.18890045,22.6599921 L11.6087371,12.2399791 L0.710144207,1.33997831 C0.477719368,1.1075219 0.46999661,0.735474667 0.686957606,0.493741704 L0.710203334,0.469210767 Z\"><\/path><\/svg><\/a><\/div><\/div><\/div><\/div><\/div><\/div><div class=\"list__more\"><a href=\"#\" class=\"btn  js-more-trigger\"><span class=\"btn__txt\">View more<\/span><span class=\"btn__icon\"><svg xmlns=\"http:\/\/www.w3.org\/2000\/svg\" width=\"40\" height=\"40\" viewBox=\"0 0 40 40\"><g transform=\"translate(11.51 11.51)\"><path d=\"M8.5,0 C8.77614237,0 9,0.219065566 9,0.489296636 L9,16.4892966 C9,16.7595277 8.77614237,16.9785933 8.5,16.9785933 C8.22385763,16.9785933 8,16.7595277 8,16.4892966 L8,0.489296636 C8,0.219065566 8.22385763,0 8.5,0 Z\"><\/path><path d=\"M16.4892966,8 C16.7595277,8 16.9785933,8.22385763 16.9785933,8.5 C16.9785933,8.77614237 16.7595277,9 16.4892966,9 L0.489296636,9 C0.219065566,9 0,8.77614237 0,8.5 C0,8.22385763 0.219065566,8 0.489296636,8 L16.4892966,8 Z\"><\/path><\/g><\/svg><\/span><\/a><\/div><\/div><\/div>\n\n\n\n<div class=\"banner color-2\" id=\"banner\"><div class=\"banner__main\"><div class=\"banner__article\"><h2><span class=\"thin\">View an <\/span><br>interactive map of our services<\/h2><a href=\"https:\/\/innovis4.rvltpreview.com\/interactive-map\/\" class=\"btn btn--transparent\"><span class=\"btn__txt\">View map<\/span><span class=\"btn__icon\"><svg xmlns=\"http:\/\/www.w3.org\/2000\/svg\" width=\"14\" height=\"24\" viewBox=\"0 0 14 24\"><path d=\"M0.710203334,0.469210767 C0.950675478,0.228771278 1.34053138,0.22879775 1.58097087,0.469269894 L12.9149405,11.8047788 C13.1553684,12.0452394 13.1553552,12.4350725 12.9149109,12.6755168 L2.05966799,23.5307597 C1.81921217,23.7712155 1.42935627,23.7712155 1.18890045,23.5307597 C0.948444632,23.2903039 0.948444632,22.9004479 1.18890045,22.6599921 L11.6087371,12.2399791 L0.710144207,1.33997831 C0.477719368,1.1075219 0.46999661,0.735474667 0.686957606,0.493741704 L0.710203334,0.469210767 Z\"><\/path><\/svg><\/span><\/a><\/div><\/div><div class=\"banner__fig\"><img loading=\"lazy\" decoding=\"async\" src=\"https:\/\/innovis4.rvltpreview.com\/wp-content\/uploads\/2023\/07\/mapa-sluzeb.jpg\" alt=\"\" width=\"1920\" height=\"898\"\/><\/div><\/div>\n\n\n\n<div class=\"section\">\n<div class=\"heading\"><h2><span class=\"thin\">What our <\/span>experts say<\/h2><\/div>\n\n\n\n<div class=\"quote\"><div class=\"quote__item\"><div class=\"quote__aside\"><div class=\"quote__img\"><img decoding=\"async\" src=\"https:\/\/innovis4.rvltpreview.com\/wp-content\/uploads\/2023\/04\/kuliskova.png\" alt=\"\" width=\"106\" height=\"132\" loading=\"lazy\"\/><\/div><\/div><div class=\"quote__main\">\n<p><em><em><em><em>\u201cUsing advanced security technologies, including remote monitoring and CCTV analytics software add-ons, will not only give you peace of mind with reliable protection, but also highly accurate analytical data on customer behaviour that can be worth its weight in gold.\u201d<\/em><\/em><\/em><\/em><\/p>\n\n\n\n<p><strong>Kate\u0159ina Kul\u00ed\u0161kov\u00e1 | Division Director, Retail<\/strong><\/p>\n<\/div><div class=\"quote__arrow\"><\/div><\/div><\/div>\n<\/div>\n\n\n\n<div class=\"light-bg\"><div class=\"section\">\n<div class=\"heading\"><h2><span class=\"thin\">Schedule <\/span><br>a no-obligation consultation<\/h2><\/div>\n\n\n\t<form id=\"contact-form-wrap\" method=\"post\" data-type=\"contact\" data-email=\"\" novalidate=\"\">\n\t\t\t\t\t<div class=\"contact-form-wrap\">\n\t\t\t\t\t\t<div class=\"contact-form-wrap-inner\">\n\t\t\t\t\t\t\t<div class=\"contact-form-line\">\n\t\t\t\t\t\t\t\t<div class=\"contact-form-line-full\">\n\t\t\t\t\t\t\t\t\t<label for=\"name\">Name*<\/label>\n\t\t\t\t\t\t\t\t\t<input type=\"text\" id=\"contact-form-name\" pattern=\"[A-Za-z]+\" name=\"name\" class=\"input-type-text form-input require\" placeholder=\"Name\" onfocusout=\"validateName()\" \/>\n\n\t\t\t\t\t\t\t\t\t<div id=\"contact-form-name-errors\" class=\"contact-form_errors-box\">\n\t\t\t\t\t\t\t\t\t\t<div id=\"contact-form-error-name_missing\">Fill in your name<\/div>\n\t\t\t\t\t\t\t\t\t\t<div id=\"contact-form-error-name_bad-characters\">Only letters A &#8211; Z<\/div>\n\t\t\t\t\t\t\t\t\t\t<div id=\"contact-form-error-name_count-characters\">Two character minimum<\/div>\n\t\t\t\t\t\t\t\t\t<\/div>\n\t\t\t\t\t\t\t\t<\/div>\n\t\t\t\t\t\t\t<\/div>\n\n\t\t\t\t\t\t\t<div class=\"contact-form-line\">\n\t\t\t\t\t\t\t\t<div class=\"contact-form-line-full\">\n\t\t\t\t\t\t\t\t\t<label for=\"name\">Email*<\/label>\n\t\t\t\t\t\t\t\t\t<input type=\"email\" id=\"contact-form-email\" name=\"email\" class=\"input-type-email form-input require\" placeholder=\"Email\" onfocusout=\"validateEmail()\" \/>\n\t\t\t\t\t\t\t\t\t<div id=\"contact-form-email-errors\" class=\"contact-form_errors-box\">\n\t\t\t\t\t\t\t\t\t\t<div id=\"contact-form-error-email_missing\">Fill in your email.<\/div>\n\t\t\t\t\t\t\t\t\t\t<div id=\"contact-form-error-email_bad-format\">Your email is in the incorrect format.<\/div>\n\t\t\t\t\t\t\t\t\t<\/div>\n\t\t\t\t\t\t\t\t<\/div>\n\t\t\t\t\t\t\t<\/div>\n\n\t\t\t\t\t\t\t<div class=\"contact-form-line\">\n\t\t\t\t\t\t\t\t<div class=\"contact-form-line-full\">\n\t\t\t\t\t\t\t\t\t<label for=\"Phone\">Phone*<\/label>\n\t\t\t\t\t\t\t\t\t<input type=\"text\" id=\"contact-form-phone\" pattern=\"\\d{9}\" name=\"phone\" class=\"input-type-text form-input require\" placeholder=\"Phone\" onfocusout=\"validatePhone()\" \/>\n\t\t\t\t\t\t\t\t\t<div id=\"contact-form-phone-errors\" class=\"contact-form_errors-box\">\n\t\t\t\t\t\t\t\t\t\t<div id=\"contact-form-error-phone_missing\">Fill in your phone number.<\/div>\n\t\t\t\t\t\t\t\t\t\t<div id=\"contact-form-error-phone_bad-characters\">Invalid characters.<\/div>\n\t\t\t\t\t\t\t\t\t\t<div id=\"contact-form-error-phone_count-characters\">9-digit number only.<\/div>\n\t\t\t\t\t\t\t\t\t<\/div>\n\t\t\t\t\t\t\t\t<\/div>\n\t\t\t\t\t\t\t<\/div>\n\n\t\t\t\t\t\t\t<div class=\"contact-form-line\">\n\t\t\t\t\t\t\t\t<div class=\"contact-form-line-full\">\n\t\t\t\t\t\t\t\t\t<label for=\"name\">Message*<\/label>\n\t\t\t\t\t\t\t\t\t<textarea name=\"message\" id=\"contact-form-message\" pattern=\"[A-Za-z0-9]+\" class=\"form-input require\" placeholder=\"Write a message.\" onfocusout=\"validateMessage()\"><\/textarea>\n\t\t\t\t\t\t\t\t\t<div id=\"contact-form-message-errors\" class=\"contact-form_errors-box\">\n\t\t\t\t\t\t\t\t\t\t<div id=\"contact-form-error-message_missing\">The message must contain at least 10 characters.<\/div>\n\t\t\t\t\t\t\t\t\t<\/div>\n\t\t\t\t\t\t\t\t<\/div>\n\t\t\t\t\t\t\t<\/div>\n\n\t\t\t\t\t\t\t<div class=\"contact-form-line\">\n\t\t\t\t\t\t\t\t<div class=\"contact-form-line-full contact-form-terms\">\n\t\t\t\t\t\t\t\t\t<input type=\"checkbox\" name=\"terms\" class=\"input-type-terms form-input require\" id=\"contact-form-terms\" \/>\n\t\t\t\t\t\t\t\t\t<label for=\"name\">I agree to&nbsp;<a href=\"https:\/\/innovis4.rvltpreview.com\/en\/ochrana-osobnich-udaju\/\" target=\"_blank\"> the processing of personal data<\/a><\/label>\n\t\t\t\t\t\t\t\t<\/div>\n\n\t\t\t\t\t\t\t\t<div id=\"contact-form-term-errors\" class=\"contact-form_errors-box\">\n\t\t\t\t\t\t\t\t\t<div id=\"contact-form-error-terms_missing\">Agree to the processing of personal information.<\/div>\n\t\t\t\t\t\t\t\t<\/div>\n\t\t\t\t\t\t\t<\/div>\n\n\t\t\t\t\t\t\t<div class=\"contact-form-line\" id=\"error-response\" style=\"display:none\"><\/div>\n\t\t\t\t\t\t\t<div class=\"contact-form-line\" id=\"success-response\">\n\t\t\t\t\t\t\tThe form was submitted successfully.\t\t\t\t\t\t\t<\/div>\n\n\t\t\t\t\t\t\t<div class=\"contact-form-line\">\n\t\t\t\t\t\t\t\t<div class=\"contact-form-line-full contact-form-send-containter\">\n\t\t\t\t\t\t\t\t\t<span id=\"send-message\">\n\t\t\t\t\t\t\t\t\t\t<button type=\"submit\" class=\"btn btn--secondary\">\n\t\t\t\t\t\t\t\t\t\t\t<span class=\"btn__txt\">Send<\/span>\n\t\t\t\t\t\t\t\t\t\t\t<span class=\"btn__icon\">\n\t\t\t\t\t\t\t\t\t\t\t\t<svg xmlns=\"http:\/\/www.w3.org\/2000\/svg\" width=\"40\" height=\"40\" viewBox=\"0 0 40 40\"><g transform=\"translate(11.5 13.456)\"><path d=\"M10.1478819 6.144593C10.3409094 5.95160773 10.6538346 5.95164197 10.8468199 6.14466946L16.4933263 11.7924115C16.6863116 11.985439 16.6862774 12.2983642 16.4932499 12.4913494 16.3002224 12.6843347 15.9872972 12.6843005 15.7943119 12.491273L10.1478055 6.84353094C9.95482019 6.65050345 9.95485442 6.33757827 10.1478819 6.144593ZM6.14710235 6.14463123C6.34010873 5.95162485 6.65303391 5.95162485 6.84604029 6.14463123 7.03904668 6.33763762 7.03904668 6.65056279 6.84604029 6.84356918L1.1216936 12.5679159C.928687213 12.7609223.615762036 12.7609223.422755653 12.5679159.229749269 12.3749095.229749269 12.0619843.422755653 11.8689779L6.14710235 6.14463123Z\"><\/path><path d=\"M15.8697193,0.420284534 C16.0627256,0.22727815 16.3756508,0.22727815 16.5686572,0.420284534 C16.7616636,0.613290918 16.7616636,0.926216094 16.5686572,1.11922248 L9.51049321,8.17738549 C8.95048985,8.73927438 8.041572,8.73927438 7.48024036,8.17794274 L0.422725066,1.11919189 C0.229735576,0.926168612 0.229762966,0.613243437 0.422786242,0.420253947 C0.615809519,0.227264457 0.928734694,0.227291847 1.12172418,0.420315123 L8.17920889,7.47903538 C8.35430123,7.65412773 8.63646264,7.65412773 8.81096842,7.47903538 L15.8697193,0.420284534 Z\"><\/path><path d=\"M15.5532217,4.54747351e-13 L1.43572002,4.54747351e-13 C0.642597269,4.54747351e-13 0,0.642597269 0,1.43572002 L0,11.5537159 C0,12.3459297 0.642923363,12.989436 1.43572002,12.989436 L15.5532217,12.989436 C16.3460184,12.989436 16.9889417,12.3459297 16.9889417,11.5537159 L16.9889417,1.43572002 C16.9889417,0.642597269 16.3463445,4.54747351e-13 15.5532217,4.54747351e-13 Z M15.5532217,0.98844752 C15.80044,0.98844752 16.0004942,1.18850176 16.0004942,1.43572002 L16.0004942,11.5537159 C16.0004942,11.8002256 15.7999133,12.0009884 15.5532217,12.0009884 L1.43572002,12.0009884 C1.18902847,12.0009884 0.98844752,11.8002256 0.98844752,11.5537159 L0.98844752,1.43572002 C0.98844752,1.18850176 1.18850176,0.98844752 1.43572002,0.98844752 L15.5532217,0.98844752 Z\"><\/path><\/g><\/svg>\n\t\t\t\t\t\t\t\t\t\t\t<\/span>\n\t\t\t\t\t\t\t\t\t\t<\/button>\n\t\t\t\t\t\t\t\t\t<\/span>\n\t\t\t\t\t\t\t\t<\/div>\n\t\t\t\t\t\t\t<\/div>\n\t\t\t\t\t\t<\/div>\n\t\t\t\t\t<\/div>\n\t\t\t\t<\/form>\n\t<\/div><\/div>\n","protected":false},"excerpt":{"rendered":"","protected":false},"author":2,"featured_media":0,"parent":0,"menu_order":0,"comment_status":"closed","ping_status":"closed","template":"","meta":{"inline_featured_image":false,"footnotes":""},"class_list":["post-2287","page","type-page","status-publish","hentry"],"acf":[],"_links":{"self":[{"href":"https:\/\/innovis4.rvltpreview.com\/en\/wp-json\/wp\/v2\/pages\/2287","targetHints":{"allow":["GET"]}}],"collection":[{"href":"https:\/\/innovis4.rvltpreview.com\/en\/wp-json\/wp\/v2\/pages"}],"about":[{"href":"https:\/\/innovis4.rvltpreview.com\/en\/wp-json\/wp\/v2\/types\/page"}],"author":[{"embeddable":true,"href":"https:\/\/innovis4.rvltpreview.com\/en\/wp-json\/wp\/v2\/users\/2"}],"replies":[{"embeddable":true,"href":"https:\/\/innovis4.rvltpreview.com\/en\/wp-json\/wp\/v2\/comments?post=2287"}],"version-history":[{"count":7,"href":"https:\/\/innovis4.rvltpreview.com\/en\/wp-json\/wp\/v2\/pages\/2287\/revisions"}],"predecessor-version":[{"id":3972,"href":"https:\/\/innovis4.rvltpreview.com\/en\/wp-json\/wp\/v2\/pages\/2287\/revisions\/3972"}],"wp:attachment":[{"href":"https:\/\/innovis4.rvltpreview.com\/en\/wp-json\/wp\/v2\/media?parent=2287"}],"curies":[{"name":"wp","href":"https:\/\/api.w.org\/{rel}","templated":true}]}}